{"id":891,"date":"2022-04-04T18:48:19","date_gmt":"2022-04-04T18:48:19","guid":{"rendered":"https:\/\/tributarium.coldfury.com.mx\/?page_id=891"},"modified":"2022-04-13T15:58:12","modified_gmt":"2022-04-13T15:58:12","slug":"contacto","status":"publish","type":"page","link":"https:\/\/tributarium.mx\/en\/contacto\/","title":{"rendered":"Contact"},"content":{"rendered":"<div data-elementor-type=\"wp-page\" data-elementor-id=\"891\" class=\"elementor elementor-891\">\n\t\t\t\t\t\t<section class=\"elementor-section elementor-top-section elementor-element elementor-element-82494a8 elementor-section-height-min-height elementor-section-boxed elementor-section-height-default elementor-section-items-middle\" data-id=\"82494a8\" data-element_type=\"section\" data-settings=\"{&quot;background_background&quot;:&quot;classic&quot;}\">\n\t\t\t\t\t\t<div class=\"elementor-container elementor-column-gap-default\">\n\t\t\t\t\t<div class=\"elementor-column elementor-col-100 elementor-top-column elementor-element elementor-element-3a8c37b\" data-id=\"3a8c37b\" data-element_type=\"column\">\n\t\t\t<div class=\"elementor-widget-wrap elementor-element-populated\">\n\t\t\t\t\t\t<section class=\"elementor-section elementor-inner-section elementor-element elementor-element-a402d37 elementor-section-boxed elementor-section-height-default elementor-section-height-default\" data-id=\"a402d37\" data-element_type=\"section\">\n\t\t\t\t\t\t<div class=\"elementor-container elementor-column-gap-default\">\n\t\t\t\t\t<div class=\"elementor-column elementor-col-50 elementor-inner-column elementor-element elementor-element-5e6ce81\" data-id=\"5e6ce81\" data-element_type=\"column\">\n\t\t\t<div class=\"elementor-widget-wrap elementor-element-populated\">\n\t\t\t\t\t\t<div class=\"elementor-element elementor-element-3a08b74 elementor-widget elementor-widget-heading\" data-id=\"3a08b74\" data-element_type=\"widget\" data-widget_type=\"heading.default\">\n\t\t\t\t<div class=\"elementor-widget-container\">\n\t\t\t\t\t<h2 class=\"elementor-heading-title elementor-size-default\">WE SPEAK THE SAME LANGUAGE,<\/h2>\t\t\t\t<\/div>\n\t\t\t\t<\/div>\n\t\t\t\t<div class=\"elementor-element elementor-element-4d9d81a elementor-widget elementor-widget-heading\" data-id=\"4d9d81a\" data-element_type=\"widget\" data-widget_type=\"heading.default\">\n\t\t\t\t<div class=\"elementor-widget-container\">\n\t\t\t\t\t<h2 class=\"elementor-heading-title elementor-size-default\">LET'S TALK ABOUT BUSINESS<\/h2>\t\t\t\t<\/div>\n\t\t\t\t<\/div>\n\t\t\t\t\t<\/div>\n\t\t<\/div>\n\t\t\t\t<div class=\"elementor-column elementor-col-50 elementor-inner-column elementor-element elementor-element-861a435\" data-id=\"861a435\" data-element_type=\"column\">\n\t\t\t<div class=\"elementor-widget-wrap elementor-element-populated\">\n\t\t\t\t\t\t<div class=\"elementor-element elementor-element-4e12416 eael-contact-form-7-button-align-left eael-contact-form-7-button-custom elementor-widget elementor-widget-eael-contact-form-7\" data-id=\"4e12416\" data-element_type=\"widget\" data-widget_type=\"eael-contact-form-7.default\">\n\t\t\t\t<div class=\"elementor-widget-container\">\n\t\t\t\t\t<div class=\"eael-contact-form-7-wrapper\">\n                <div class=\"eael-contact-form eael-contact-form-7 eael-contact-form-4e12416 placeholder-show eael-contact-form-align-default\"><div class=\"eael-contact-form-7-heading\"><h3 class=\"eael-contact-form-title eael-contact-form-7-title\">\n                                    Contact Us\n                                <\/h3><\/div>\n<div class=\"wpcf7 no-js\" id=\"wpcf7-f890-o1\" lang=\"es-ES\" dir=\"ltr\" data-wpcf7-id=\"890\">\n<div class=\"screen-reader-response\"><p role=\"status\" aria-live=\"polite\" aria-atomic=\"true\"><\/p> <ul><\/ul><\/div>\n<form action=\"\/en\/wp-json\/wp\/v2\/pages\/891#wpcf7-f890-o1\" method=\"post\" class=\"wpcf7-form init\" aria-label=\"Formulario de contacto\" novalidate=\"novalidate\" data-status=\"init\" data-trp-original-action=\"\/en\/wp-json\/wp\/v2\/pages\/891#wpcf7-f890-o1\">\n<div style=\"display: none;\">\n<input type=\"hidden\" name=\"_wpcf7\" value=\"890\" \/>\n<input type=\"hidden\" name=\"_wpcf7_version\" value=\"6.0.2\" \/>\n<input type=\"hidden\" name=\"_wpcf7_locale\" value=\"es_ES\" \/>\n<input type=\"hidden\" name=\"_wpcf7_unit_tag\" value=\"wpcf7-f890-o1\" \/>\n<input type=\"hidden\" name=\"_wpcf7_container_post\" value=\"0\" \/>\n<input type=\"hidden\" name=\"_wpcf7_posted_data_hash\" value=\"\" \/>\n<\/div>\n<p><label>Name<br \/>\n<span class=\"wpcf7-form-control-wrap\" data-name=\"your-name\"><input size=\"40\" maxlength=\"400\" class=\"wpcf7-form-control wpcf7-text wpcf7-validates-as-required\" aria-required=\"true\" aria-invalid=\"false\" value=\"\" type=\"text\" name=\"your-name\" \/><\/span><\/label>\n<\/p>\n<p><label>Phone number<br \/>\n<span class=\"wpcf7-form-control-wrap\" data-name=\"Telfono\"><input size=\"40\" maxlength=\"400\" class=\"wpcf7-form-control wpcf7-tel wpcf7-validates-as-required wpcf7-text wpcf7-validates-as-tel\" aria-required=\"true\" aria-invalid=\"false\" value=\"\" type=\"tel\" name=\"Telfono\" \/><\/span><\/label>\n<\/p>\n<p><label>Email<br \/>\n<span class=\"wpcf7-form-control-wrap\" data-name=\"your-email\"><input size=\"40\" maxlength=\"400\" class=\"wpcf7-form-control wpcf7-email wpcf7-validates-as-required wpcf7-text wpcf7-validates-as-email\" aria-required=\"true\" aria-invalid=\"false\" value=\"\" type=\"email\" name=\"your-email\" \/><\/span> <\/label>\n<\/p>\n<p><label>Subject<br \/>\n<span class=\"wpcf7-form-control-wrap\" data-name=\"your-subject\"><input size=\"40\" maxlength=\"400\" class=\"wpcf7-form-control wpcf7-text wpcf7-validates-as-required\" aria-required=\"true\" aria-invalid=\"false\" value=\"\" type=\"text\" name=\"your-subject\" \/><\/span><\/label>\n<\/p>\n<p><label> Your message (Optional)<br \/>\n<span class=\"wpcf7-form-control-wrap\" data-name=\"your-message\"><textarea cols=\"40\" rows=\"10\" maxlength=\"2000\" class=\"wpcf7-form-control wpcf7-textarea\" aria-invalid=\"false\" name=\"your-message\"><\/textarea><\/span><\/label>\n<\/p>\n<p><input class=\"wpcf7-form-control wpcf7-submit has-spinner\" type=\"submit\" value=\"Send\" \/>\n<\/p><div class=\"wpcf7-response-output\" aria-hidden=\"true\"><\/div>\n<input type=\"hidden\" name=\"trp-form-language\" value=\"en\"\/><\/form>\n<\/div>\n<\/div>\n            <\/div>\t\t\t\t<\/div>\n\t\t\t\t<\/div>\n\t\t\t\t\t<\/div>\n\t\t<\/div>\n\t\t\t\t\t<\/div>\n\t\t<\/section>\n\t\t\t\t\t<\/div>\n\t\t<\/div>\n\t\t\t\t\t<\/div>\n\t\t<\/section>\n\t\t\t\t<section class=\"elementor-section elementor-top-section elementor-element elementor-element-b52eeab elementor-section-boxed elementor-section-height-default elementor-section-height-default\" data-id=\"b52eeab\" data-element_type=\"section\">\n\t\t\t\t\t\t<div class=\"elementor-container elementor-column-gap-default\">\n\t\t\t\t\t<div class=\"elementor-column elementor-col-100 elementor-top-column elementor-element elementor-element-12a9004\" data-id=\"12a9004\" data-element_type=\"column\">\n\t\t\t<div class=\"elementor-widget-wrap elementor-element-populated\">\n\t\t\t\t\t\t<section class=\"elementor-section elementor-inner-section elementor-element elementor-element-325ea21 elementor-section-boxed elementor-section-height-default elementor-section-height-default\" data-id=\"325ea21\" data-element_type=\"section\" id=\"ubicacion\">\n\t\t\t\t\t\t<div class=\"elementor-container elementor-column-gap-default\">\n\t\t\t\t\t<div class=\"elementor-column elementor-col-50 elementor-inner-column elementor-element elementor-element-d3c3f08\" data-id=\"d3c3f08\" data-element_type=\"column\">\n\t\t\t<div class=\"elementor-widget-wrap elementor-element-populated\">\n\t\t\t\t\t\t<div class=\"elementor-element elementor-element-dfd6a73 elementor-widget elementor-widget-heading\" data-id=\"dfd6a73\" data-element_type=\"widget\" data-widget_type=\"heading.default\">\n\t\t\t\t<div class=\"elementor-widget-container\">\n\t\t\t\t\t<h2 class=\"elementor-heading-title elementor-size-default\">offices located<\/h2>\t\t\t\t<\/div>\n\t\t\t\t<\/div>\n\t\t\t\t<div class=\"elementor-element elementor-element-dd4f53b elementor-widget elementor-widget-text-editor\" data-id=\"dd4f53b\" data-element_type=\"widget\" data-widget_type=\"text-editor.default\">\n\t\t\t\t<div class=\"elementor-widget-container\">\n\t\t\t\t\t\t\t\t\t<p>Quebec 1095<br>Col. Providencia<br>Guadalajara, Jalisco<br>M\u00e9xico.<\/p>\t\t\t\t\t\t\t\t<\/div>\n\t\t\t\t<\/div>\n\t\t\t\t\t<\/div>\n\t\t<\/div>\n\t\t\t\t<div class=\"elementor-column elementor-col-50 elementor-inner-column elementor-element elementor-element-cd0c79f\" data-id=\"cd0c79f\" data-element_type=\"column\">\n\t\t\t<div class=\"elementor-widget-wrap elementor-element-populated\">\n\t\t\t\t\t\t<div class=\"elementor-element elementor-element-7052d96 elementor-widget elementor-widget-html\" data-id=\"7052d96\" data-element_type=\"widget\" data-widget_type=\"html.default\">\n\t\t\t\t<div class=\"elementor-widget-container\">\n\t\t\t\t\t<div style=\"width:auto;position: relative;\"><iframe width=\"auto\" height=\"440\" src=\"https:\/\/maps.google.com\/maps?width=700&amp;height=440&amp;hl=en&amp;q=Quebec%201095%20Col.%20Providencia%20Guadalajara%2C%20Jalisco%20M%C3%A9xico.+(Oficionas%20Tributarium)&amp;ie=UTF8&amp;t=&amp;z=12&amp;iwloc=B&amp;output=embed\" frameborder=\"0\" scrolling=\"no\" marginheight=\"0\" marginwidth=\"0\"><\/iframe><div style=\"position: absolute;width: 80%;bottom: 10px;left: 0;right: 0;margin-left: auto;margin-right: auto;color: #000;text-align: center;\"><\/div><style>#gmap_canvas img{max-width:none!important;background:none!important}<\/style><\/div><br \/>\t\t\t\t<\/div>\n\t\t\t\t<\/div>\n\t\t\t\t\t<\/div>\n\t\t<\/div>\n\t\t\t\t\t<\/div>\n\t\t<\/section>\n\t\t\t\t\t<\/div>\n\t\t<\/div>\n\t\t\t\t\t<\/div>\n\t\t<\/section>\n\t\t\t\t<\/div>","protected":false},"excerpt":{"rendered":"<p>Hablamos el mismo idioma, Hablamos de negocios Cont\u00e1ctanos Nombre Tel\u00e9fono correo electr\u00f3nico Asunto Tu mensaje (opcional) Oficinas ubicadas en: Quebec 1095Col. ProvidenciaGuadalajara, JaliscoM\u00e9xico.<\/p>","protected":false},"author":1,"featured_media":0,"parent":0,"menu_order":0,"comment_status":"closed","ping_status":"closed","template":"elementor_header_footer","meta":{"site-sidebar-layout":"no-sidebar","site-content-layout":"page-builder","ast-site-content-layout":"","site-content-style":"default","site-sidebar-style":"default","ast-global-header-display":"","ast-banner-title-visibility":"","ast-main-header-display":"","ast-hfb-above-header-display":"","ast-hfb-below-header-display":"","ast-hfb-mobile-header-display":"","site-post-title":"disabled","ast-breadcrumbs-content":"","ast-featured-img":"disabled","footer-sml-layout":"","theme-transparent-header-meta":"","adv-header-id-meta":"","stick-header-meta":"","header-above-stick-meta":"","header-main-stick-meta":"","header-below-stick-meta":"","astra-migrate-meta-layouts":"default","ast-page-background-enabled":"default","ast-page-background-meta":{"desktop":{"background-color":"var(--ast-global-color-4)","background-image":"","background-repeat":"repeat","background-position":"center center","background-size":"auto","background-attachment":"scroll","background-type":"","background-media":"","overlay-type":"","overlay-color":"","overlay-opacity":"","overlay-gradient":""},"tablet":{"background-color":"","background-image":"","background-repeat":"repeat","background-position":"center center","background-size":"auto","background-attachment":"scroll","background-type":"","background-media":"","overlay-type":"","overlay-color":"","overlay-opacity":"","overlay-gradient":""},"mobile":{"background-color":"","background-image":"","background-repeat":"repeat","background-position":"center center","background-size":"auto","background-attachment":"scroll","background-type":"","background-media":"","overlay-type":"","overlay-color":"","overlay-opacity":"","overlay-gradient":""}},"ast-content-background-meta":{"desktop":{"background-color":"var(--ast-global-color-5)","background-image":"","background-repeat":"repeat","background-position":"center center","background-size":"auto","background-attachment":"scroll","background-type":"","background-media":"","overlay-type":"","overlay-color":"","overlay-opacity":"","overlay-gradient":""},"tablet":{"background-color":"var(--ast-global-color-5)","background-image":"","background-repeat":"repeat","background-position":"center center","background-size":"auto","background-attachment":"scroll","background-type":"","background-media":"","overlay-type":"","overlay-color":"","overlay-opacity":"","overlay-gradient":""},"mobile":{"background-color":"var(--ast-global-color-5)","background-image":"","background-repeat":"repeat","background-position":"center center","background-size":"auto","background-attachment":"scroll","background-type":"","background-media":"","overlay-type":"","overlay-color":"","overlay-opacity":"","overlay-gradient":""}},"footnotes":""},"class_list":["post-891","page","type-page","status-publish","hentry"],"yoast_head":"<!-- This site is optimized with the Yoast SEO plugin v24.1 - https:\/\/yoast.com\/wordpress\/plugins\/seo\/ -->\n<title>Contacto - Tributarium<\/title>\n<meta name=\"robots\" content=\"index, follow, max-snippet:-1, max-image-preview:large, max-video-preview:-1\" \/>\n<link rel=\"canonical\" href=\"https:\/\/tributarium.mx\/en\/contacto\/\" \/>\n<meta property=\"og:locale\" content=\"en_US\" \/>\n<meta property=\"og:type\" content=\"article\" \/>\n<meta property=\"og:title\" content=\"Contacto - Tributarium\" \/>\n<meta property=\"og:description\" content=\"Hablamos el mismo idioma, Hablamos de negocios Cont\u00e1ctanos Nombre Tel\u00e9fono correo electr\u00f3nico Asunto Tu mensaje (opcional) Oficinas ubicadas en: Quebec 1095Col. ProvidenciaGuadalajara, JaliscoM\u00e9xico.\" \/>\n<meta property=\"og:url\" content=\"https:\/\/tributarium.mx\/en\/contacto\/\" \/>\n<meta property=\"og:site_name\" content=\"Tributarium\" \/>\n<meta property=\"article:publisher\" content=\"https:\/\/www.facebook.com\/Tributarium-106526681948465\" \/>\n<meta property=\"article:modified_time\" content=\"2022-04-13T15:58:12+00:00\" \/>\n<meta name=\"twitter:card\" content=\"summary_large_image\" \/>\n<meta name=\"twitter:label1\" content=\"Est. reading time\" \/>\n\t<meta name=\"twitter:data1\" content=\"1 minute\" \/>\n<script type=\"application\/ld+json\" class=\"yoast-schema-graph\">{\"@context\":\"https:\/\/schema.org\",\"@graph\":[{\"@type\":\"WebPage\",\"@id\":\"https:\/\/tributarium.mx\/contacto\/\",\"url\":\"https:\/\/tributarium.mx\/contacto\/\",\"name\":\"Contacto - Tributarium\",\"isPartOf\":{\"@id\":\"https:\/\/tributarium.mx\/#website\"},\"datePublished\":\"2022-04-04T18:48:19+00:00\",\"dateModified\":\"2022-04-13T15:58:12+00:00\",\"breadcrumb\":{\"@id\":\"https:\/\/tributarium.mx\/contacto\/#breadcrumb\"},\"inLanguage\":\"en-US\",\"potentialAction\":[{\"@type\":\"ReadAction\",\"target\":[\"https:\/\/tributarium.mx\/contacto\/\"]}]},{\"@type\":\"BreadcrumbList\",\"@id\":\"https:\/\/tributarium.mx\/contacto\/#breadcrumb\",\"itemListElement\":[{\"@type\":\"ListItem\",\"position\":1,\"name\":\"Portada\",\"item\":\"https:\/\/tributarium.mx\/\"},{\"@type\":\"ListItem\",\"position\":2,\"name\":\"Contacto\"}]},{\"@type\":\"WebSite\",\"@id\":\"https:\/\/tributarium.mx\/#website\",\"url\":\"https:\/\/tributarium.mx\/\",\"name\":\"Tributarium\",\"description\":\"Somos una firma especializada en Derecho Tributario, Societario y Penal.\",\"publisher\":{\"@id\":\"https:\/\/tributarium.mx\/#organization\"},\"potentialAction\":[{\"@type\":\"SearchAction\",\"target\":{\"@type\":\"EntryPoint\",\"urlTemplate\":\"https:\/\/tributarium.mx\/?s={search_term_string}\"},\"query-input\":{\"@type\":\"PropertyValueSpecification\",\"valueRequired\":true,\"valueName\":\"search_term_string\"}}],\"inLanguage\":\"en-US\"},{\"@type\":\"Organization\",\"@id\":\"https:\/\/tributarium.mx\/#organization\",\"name\":\"Tributarium\",\"url\":\"https:\/\/tributarium.mx\/\",\"logo\":{\"@type\":\"ImageObject\",\"inLanguage\":\"en-US\",\"@id\":\"https:\/\/tributarium.mx\/#\/schema\/logo\/image\/\",\"url\":\"https:\/\/tributarium.mx\/wp-content\/uploads\/2022\/03\/Logo-tributarium-principal.png\",\"contentUrl\":\"https:\/\/tributarium.mx\/wp-content\/uploads\/2022\/03\/Logo-tributarium-principal.png\",\"width\":1000,\"height\":455,\"caption\":\"Tributarium\"},\"image\":{\"@id\":\"https:\/\/tributarium.mx\/#\/schema\/logo\/image\/\"},\"sameAs\":[\"https:\/\/www.facebook.com\/Tributarium-106526681948465\"]}]}<\/script>\n<!-- \/ Yoast SEO plugin. -->","yoast_head_json":{"title":"Contacto - Tributarium","robots":{"index":"index","follow":"follow","max-snippet":"max-snippet:-1","max-image-preview":"max-image-preview:large","max-video-preview":"max-video-preview:-1"},"canonical":"https:\/\/tributarium.mx\/en\/contacto\/","og_locale":"en_US","og_type":"article","og_title":"Contacto - Tributarium","og_description":"Hablamos el mismo idioma, Hablamos de negocios Cont\u00e1ctanos Nombre Tel\u00e9fono correo electr\u00f3nico Asunto Tu mensaje (opcional) Oficinas ubicadas en: Quebec 1095Col. ProvidenciaGuadalajara, JaliscoM\u00e9xico.","og_url":"https:\/\/tributarium.mx\/en\/contacto\/","og_site_name":"Tributarium","article_publisher":"https:\/\/www.facebook.com\/Tributarium-106526681948465","article_modified_time":"2022-04-13T15:58:12+00:00","twitter_card":"summary_large_image","twitter_misc":{"Est. reading time":"1 minute"},"schema":{"@context":"https:\/\/schema.org","@graph":[{"@type":"WebPage","@id":"https:\/\/tributarium.mx\/contacto\/","url":"https:\/\/tributarium.mx\/contacto\/","name":"Contacto - Tributarium","isPartOf":{"@id":"https:\/\/tributarium.mx\/#website"},"datePublished":"2022-04-04T18:48:19+00:00","dateModified":"2022-04-13T15:58:12+00:00","breadcrumb":{"@id":"https:\/\/tributarium.mx\/contacto\/#breadcrumb"},"inLanguage":"en-US","potentialAction":[{"@type":"ReadAction","target":["https:\/\/tributarium.mx\/contacto\/"]}]},{"@type":"BreadcrumbList","@id":"https:\/\/tributarium.mx\/contacto\/#breadcrumb","itemListElement":[{"@type":"ListItem","position":1,"name":"Portada","item":"https:\/\/tributarium.mx\/"},{"@type":"ListItem","position":2,"name":"Contacto"}]},{"@type":"WebSite","@id":"https:\/\/tributarium.mx\/#website","url":"https:\/\/tributarium.mx\/","name":"Tributarium","description":"Somos una firma especializada en Derecho Tributario, Societario y Penal.","publisher":{"@id":"https:\/\/tributarium.mx\/#organization"},"potentialAction":[{"@type":"SearchAction","target":{"@type":"EntryPoint","urlTemplate":"https:\/\/tributarium.mx\/?s={search_term_string}"},"query-input":{"@type":"PropertyValueSpecification","valueRequired":true,"valueName":"search_term_string"}}],"inLanguage":"en-US"},{"@type":"Organization","@id":"https:\/\/tributarium.mx\/#organization","name":"Tributarium","url":"https:\/\/tributarium.mx\/","logo":{"@type":"ImageObject","inLanguage":"en-US","@id":"https:\/\/tributarium.mx\/#\/schema\/logo\/image\/","url":"https:\/\/tributarium.mx\/wp-content\/uploads\/2022\/03\/Logo-tributarium-principal.png","contentUrl":"https:\/\/tributarium.mx\/wp-content\/uploads\/2022\/03\/Logo-tributarium-principal.png","width":1000,"height":455,"caption":"Tributarium"},"image":{"@id":"https:\/\/tributarium.mx\/#\/schema\/logo\/image\/"},"sameAs":["https:\/\/www.facebook.com\/Tributarium-106526681948465"]}]}},"_links":{"self":[{"href":"https:\/\/tributarium.mx\/en\/wp-json\/wp\/v2\/pages\/891","targetHints":{"allow":["GET"]}}],"collection":[{"href":"https:\/\/tributarium.mx\/en\/wp-json\/wp\/v2\/pages"}],"about":[{"href":"https:\/\/tributarium.mx\/en\/wp-json\/wp\/v2\/types\/page"}],"author":[{"embeddable":true,"href":"https:\/\/tributarium.mx\/en\/wp-json\/wp\/v2\/users\/1"}],"replies":[{"embeddable":true,"href":"https:\/\/tributarium.mx\/en\/wp-json\/wp\/v2\/comments?post=891"}],"version-history":[{"count":53,"href":"https:\/\/tributarium.mx\/en\/wp-json\/wp\/v2\/pages\/891\/revisions"}],"predecessor-version":[{"id":976,"href":"https:\/\/tributarium.mx\/en\/wp-json\/wp\/v2\/pages\/891\/revisions\/976"}],"wp:attachment":[{"href":"https:\/\/tributarium.mx\/en\/wp-json\/wp\/v2\/media?parent=891"}],"curies":[{"name":"wp","href":"https:\/\/api.w.org\/{rel}","templated":true}]}}